{"id":17203,"date":"2018-09-20T11:23:11","date_gmt":"2018-09-20T11:23:11","guid":{"rendered":"http:\/\/antiguareligion.com\/?page_id=17203"},"modified":"2018-09-20T11:23:11","modified_gmt":"2018-09-20T11:23:11","slug":"cursos-de-formacion","status":"publish","type":"page","link":"https:\/\/apikeltoi.16mb.com\/index.php\/cursos\/cursos-de-formacion\/","title":{"rendered":"Cursos de formaci\u00f3n"},"content":{"rendered":"<p><strong>Curso de formaci\u00f3n en la Antigua Religi\u00f3n<\/strong><br \/>\n&#8211; La mayor parte del material va incluida en el curso.<br \/>\n&#8211; Sin aprobar los ex\u00e1menes no se entrega el Diploma acreditativo.<span class=\"text_exposed_show\"><br \/>\n&#8211; Desde el primer mes trabajamos con la Magia Operativa: ejercicios y pr\u00e1cticas con resultados inmediatos.<br \/>\nDuraci\u00f3n: 3 a\u00f1os<br \/>\nTemario general:<br \/>\n&#8211; Brujer\u00eda operativa y especulativa.<br \/>\n&#8211; Paganismo general.<br \/>\n&#8211; Bases Druidismo.<br \/>\n&#8211; Mundo Celta.<br \/>\n&#8211; Bases Wicca.<br \/>\n&#8211; Velas.<br \/>\n&#8211; Brujer\u00eda tradicional europea.<br \/>\n&#8211; Sanaci\u00f3n celta.<br \/>\n&#8211; M\u00e9todo de sanaci\u00f3n Nilrem (\u00c1valon).<br \/>\n&#8211; Tarot.<br \/>\n&#8211; Runas vikingas.<br \/>\n&#8211; Runas de las brujas.<br \/>\n&#8211; Or\u00e1culo Wicca.<br \/>\n&#8211; Quiromancia.<br \/>\n&#8211; Astrolog\u00eda.<br \/>\n&#8211; Rituales<br \/>\n&#8211; Hechizos<br \/>\n&#8211; Sortilegios<br \/>\n&#8211; P\u00f3cimas y brebajes\u2026<br \/>\n&#8211; Amuletos.<br \/>\n&#8211; Talismanes.<br \/>\n&#8211; Meditaci\u00f3n.<br \/>\n&#8211; Limpiezas energ\u00e9ticas (personas y espacios).<br \/>\n&#8211; Limpiezas \u00e1uricas.<br \/>\n&#8211; Defensa ps\u00edquica.<br \/>\n&#8211; Diosas y dioses oscuros.<br \/>\n&#8211; Cuarzos, minerales y gemas.<br \/>\n&#8211; Radiestesia (p\u00e9ndulos y la varillas).<br \/>\n&#8211; Sanaci\u00f3n con p\u00e9ndulo.<br \/>\n&#8211; Cirug\u00eda ps\u00edquica.<br \/>\n&#8211; Arm\u00f3nico vibracional: Sonidos, Colores, Olores.<br \/>\n&#8211; Bases Medicina Hol\u00edstica: Naturopat\u00eda, Homeopat\u00eda, Fitoterapia\u2026<br \/>\n&#8211; Alquimia: Elaboraci\u00f3n de esencias, elixires, tinturas. Aceites, Jabones, Esencias.<br \/>\n&#8211; Enfermedades del cuerpo, del alma, del esp\u00edritu.<br \/>\n&#8211; Viajes Astrales.<br \/>\n&#8211; Numerolog\u00eda.<br \/>\n&#8211; Sue\u00f1os.<br \/>\n&#8211; Archivos Ak\u00e1shicos.<br \/>\n&#8211; Hierbas y plantas en brujer\u00eda.<br \/>\n&#8211; Videncia, Clarividencia, Mediumnidad.<br \/>\n&#8211; Hipnosis Cl\u00ednica.<br \/>\n&#8211; Hipnosis Regresiva: Reencarnaci\u00f3n, vidas pasadas.<br \/>\n&#8211; Psicomagia.<br \/>\n&#8211; Fen\u00f3menos Paranormales.<br \/>\n&#8211; Pr\u00e1cticas y Ejercicios.<br \/>\n<\/span><br \/>\n<span class=\"text_exposed_show\"><em><strong>&#8211; Antigua Religi\u00f3n:<\/strong><\/em><br \/>\n&#8211; Bases.<br \/>\n&#8211; Elementos de altar.<br \/>\n&#8211; Varas de poder.<br \/>\n&#8211; Contacto con esp\u00edritus familiares.<br \/>\n&#8211; Crisol de bruja.<br \/>\n&#8211; Mu\u00f1ecos.<br \/>\n&#8211; Etc.<\/span><\/p>\n","protected":false},"excerpt":{"rendered":"<p>Curso de formaci\u00f3n en la Antigua Religi\u00f3n &#8211; La mayor parte del material va incluida en el curso. &#8211; Sin aprobar los ex\u00e1menes no se entrega el Diploma acreditativo. &#8211; Desde el primer mes trabajamos con la Magia Operativa: ejercicios y pr\u00e1cticas con resultados inmediatos. Duraci\u00f3n: 3 a\u00f1os Temario general: &#8211; Brujer\u00eda operativa y especulativa. [&hellip;]<\/p>\n","protected":false},"author":1,"featured_media":0,"parent":17030,"menu_order":1,"comment_status":"closed","ping_status":"closed","template":"","meta":[],"_links":{"self":[{"href":"https:\/\/apikeltoi.16mb.com\/index.php\/wp-json\/wp\/v2\/pages\/17203"}],"collection":[{"href":"https:\/\/apikeltoi.16mb.com\/index.php\/wp-json\/wp\/v2\/pages"}],"about":[{"href":"https:\/\/apikeltoi.16mb.com\/index.php\/wp-json\/wp\/v2\/types\/page"}],"author":[{"embeddable":true,"href":"https:\/\/apikeltoi.16mb.com\/index.php\/wp-json\/wp\/v2\/users\/1"}],"replies":[{"embeddable":true,"href":"https:\/\/apikeltoi.16mb.com\/index.php\/wp-json\/wp\/v2\/comments?post=17203"}],"version-history":[{"count":0,"href":"https:\/\/apikeltoi.16mb.com\/index.php\/wp-json\/wp\/v2\/pages\/17203\/revisions"}],"up":[{"embeddable":true,"href":"https:\/\/apikeltoi.16mb.com\/index.php\/wp-json\/wp\/v2\/pages\/17030"}],"wp:attachment":[{"href":"https:\/\/apikeltoi.16mb.com\/index.php\/wp-json\/wp\/v2\/media?parent=17203"}],"curies":[{"name":"wp","href":"https:\/\/api.w.org\/{rel}","templated":true}]}}